{"id":16984,"date":"2026-01-14T11:13:19","date_gmt":"2026-01-14T10:13:19","guid":{"rendered":"https:\/\/hwimachining.nl\/?page_id=16984"},"modified":"2026-01-14T11:13:19","modified_gmt":"2026-01-14T10:13:19","slug":"datenschutzbestimmungen","status":"publish","type":"page","link":"https:\/\/hwimachining.nl\/de\/privacybeleid\/","title":{"rendered":"Datenschutzbestimmungen"},"content":{"rendered":"<p>HWI Machining verpflichtet sich, Ihre pers\u00f6nlichen Daten zu sch\u00fctzen. Diese Datenschutzerkl\u00e4rung erl\u00e4utert, welche personenbezogenen Daten zu welchem Zweck erhoben und verwendet werden.<\/p>\n<h2>Von uns verarbeitete personenbezogene Daten<\/h2>\n<p>HWI Machining verarbeitet personenbezogene Daten, wenn Sie unsere Website nutzen und\/oder wenn Sie uns diese selbst zur Verf\u00fcgung stellen, z. B. wenn Sie uns kontaktieren.<\/p>\n<p>Wir k\u00f6nnen die folgenden personenbezogenen Daten verarbeiten:<\/p>\n<ul>\n<li>Name<\/li>\n<li>E-Mail Adresse<\/li>\n<li>Rufnummer<\/li>\n<li>Sonstige personenbezogene Daten, die Sie aktiv zur Verf\u00fcgung stellen, z. B. im Schriftverkehr oder per Telefon<\/li>\n<\/ul>\n<h2>Zweck und Grundlage der Verarbeitung<\/h2>\n<p>HWI Machining verarbeitet Ihre personenbezogenen Daten f\u00fcr die folgenden Zwecke:<\/p>\n<ul>\n<li>Beantwortung von Fragen oder Kontaktanfragen<\/li>\n<li>Pflege der Kontakte zu Kunden und Gesch\u00e4ftsbeziehungen<\/li>\n<\/ul>\n<p>Die Verarbeitung der personenbezogenen Daten erfolgt auf der Grundlage:<\/p>\n<ul>\n<li>Ihre Zustimmung, und\/oder<\/li>\n<li>die Durchf\u00fchrung einer Vereinbarung oder die Vorbereitung einer solchen.<\/li>\n<\/ul>\n<h2>Besondere und\/oder sensible personenbezogene Daten<\/h2>\n<p>Unsere Website und\/oder unser Dienst haben nicht die Absicht, Daten von Website-Besuchern unter 16 Jahren zu sammeln, es sei denn, sie haben die Zustimmung ihrer Eltern oder Erziehungsberechtigten. Wir k\u00f6nnen jedoch nicht \u00fcberpr\u00fcfen, ob ein Besucher \u00fcber 16 Jahre alt ist.<\/p>\n<p>Wir raten Eltern, sich an den Online-Aktivit\u00e4ten ihrer Kinder zu beteiligen, um zu vermeiden, dass Daten \u00fcber Kinder ohne die Zustimmung der Eltern gesammelt werden.<br \/>\nWenn Sie der Meinung sind, dass wir personenbezogene Daten eines Minderj\u00e4hrigen ohne eine solche Zustimmung erhoben haben, wenden Sie sich bitte an uns unter <a href=\"mailto:info@hwimachining.com\" target=\"_blank\" rel=\"noopener\">info@hwimachining.com<\/a>, Danach werden wir diese Informationen l\u00f6schen.<\/p>\n<h2>Automatisierte Entscheidungsfindung<\/h2>\n<p>HWI Machining trifft keine Entscheidungen, die auf einer automatisierten Verarbeitung beruhen und den Einzelnen (erheblich) beeintr\u00e4chtigen k\u00f6nnten. Entscheidungen werden nicht ausschlie\u00dflich von Computerprogrammen oder -systemen ohne menschliches Zutun getroffen.<\/p>\n<h2>Aufbewahrungsfristen<\/h2>\n<p>HWI Machining wird Ihre personenbezogenen Daten nicht l\u00e4nger aufbewahren, als es f\u00fcr die Erf\u00fcllung der Zwecke, f\u00fcr die sie erhoben wurden, unbedingt erforderlich ist.<\/p>\n<ul>\n<li>Die Kontaktdaten werden so lange aufbewahrt, wie es f\u00fcr die Bearbeitung des Kontakts erforderlich ist oder wie eine Gesch\u00e4ftsbeziehung besteht.<\/li>\n<\/ul>\n<h2>Weitergabe personenbezogener Daten an Dritte<\/h2>\n<p>HWI Machining gibt personenbezogene Daten nur dann an Dritte weiter, wenn dies f\u00fcr die Erf\u00fcllung eines Vertrags mit Ihnen oder zur Erf\u00fcllung einer gesetzlichen Verpflichtung erforderlich ist.<\/p>\n<h2>Cookies<\/h2>\n<p>HWI Machining verwendet Cookies. Eine separate <a href=\"\/de\/cookie-richtlinie\/\">Cookie-Richtlinie<\/a> vorbereitet.<br \/>\nKonsultieren Sie die <a href=\"\/de\/cookie-richtlinie\/\">Cookie-Richtlinie<\/a> f\u00fcr weitere Informationen \u00fcber die Verwendung von Cookies.<\/p>\n<p>Daten ansehen, \u00e4ndern oder l\u00f6schen<\/p>\n<p>Sie haben das Recht auf Zugang zu Ihren pers\u00f6nlichen Daten:<\/p>\n<ul>\n<li>im Blick,<\/li>\n<li>richtig,<\/li>\n<li>entfernt werden,<\/li>\n<li>Ihre Zustimmung zur\u00fcckziehen,<\/li>\n<li>der Verarbeitung zu widersprechen,<\/li>\n<li>und Ihr Recht auf Daten\u00fcbertragbarkeit aus\u00fcben.<\/li>\n<\/ul>\n<p>Sie k\u00f6nnen einen entsprechenden Antrag stellen unter <a href=\"mailto:info@hwimachining.com\" target=\"_blank\" rel=\"noopener\">info@hwimachining.com<\/a>.<\/p>\n<p>Um sicherzustellen, dass die Anfrage von Ihnen stammt, bitten wir Sie m\u00f6glicherweise um zus\u00e4tzliche Informationen, um Ihre Identit\u00e4t zu \u00fcberpr\u00fcfen.<br \/>\nWir werden so schnell wie m\u00f6glich antworten.<\/p>\n<h2>Beanstandungen<\/h2>\n<p>HWI Machining m\u00f6chte Sie darauf hinweisen, dass Sie die M\u00f6glichkeit haben, eine Beschwerde bei der nationalen Regulierungsbeh\u00f6rde, der <a href=\"https:\/\/autoriteitpersoonsgegevens.nl\/een-tip-of-klacht-indienen-bij-de-ap\" target=\"_blank\" rel=\"noopener\">Beh\u00f6rde f\u00fcr personenbezogene Daten<\/a>.<\/p>","protected":false},"excerpt":{"rendered":"<p>HWI Machining hecht veel waarde aan de bescherming van uw persoonsgegevens. In deze privacyverklaring wordt uitgelegd welke persoonsgegevens worden verzameld en gebruikt en met welk doel. Persoonsgegevens die wij verwerken HWI Machining verwerkt persoonsgegevens wanneer u gebruikmaakt van onze website en\/of wanneer u deze zelf aan ons verstrekt, bijvoorbeeld wanneer u contact met ons opneemt. [&hellip;]<\/p>\n","protected":false},"author":7,"featured_media":0,"parent":0,"menu_order":0,"comment_status":"closed","ping_status":"closed","template":"","meta":{"protect_children":false,"footnotes":""},"class_list":["post-16984","page","type-page","status-publish","hentry"],"_links":{"self":[{"href":"https:\/\/hwimachining.nl\/de\/wp-json\/wp\/v2\/pages\/16984","targetHints":{"allow":["GET"]}}],"collection":[{"href":"https:\/\/hwimachining.nl\/de\/wp-json\/wp\/v2\/pages"}],"about":[{"href":"https:\/\/hwimachining.nl\/de\/wp-json\/wp\/v2\/types\/page"}],"author":[{"embeddable":true,"href":"https:\/\/hwimachining.nl\/de\/wp-json\/wp\/v2\/users\/7"}],"replies":[{"embeddable":true,"href":"https:\/\/hwimachining.nl\/de\/wp-json\/wp\/v2\/comments?post=16984"}],"version-history":[{"count":6,"href":"https:\/\/hwimachining.nl\/de\/wp-json\/wp\/v2\/pages\/16984\/revisions"}],"predecessor-version":[{"id":16994,"href":"https:\/\/hwimachining.nl\/de\/wp-json\/wp\/v2\/pages\/16984\/revisions\/16994"}],"wp:attachment":[{"href":"https:\/\/hwimachining.nl\/de\/wp-json\/wp\/v2\/media?parent=16984"}],"curies":[{"name":"wp","href":"https:\/\/api.w.org\/{rel}","templated":true}]}}