{"id":16988,"date":"2026-01-14T11:13:34","date_gmt":"2026-01-14T10:13:34","guid":{"rendered":"https:\/\/hwimachining.nl\/?page_id=16988"},"modified":"2026-01-14T12:11:33","modified_gmt":"2026-01-14T11:11:33","slug":"cookie-richtlinie","status":"publish","type":"page","link":"https:\/\/hwimachining.nl\/de\/cookiebeleid\/","title":{"rendered":"Cookie-Politik"},"content":{"rendered":"<div class=\"grve-section\" data-section-title=\"\" data-section-type=\"fullwidth-background\" data-image-type=\"none\" data-full-height=\"no\"><div class=\"grve-row grve-bookmark\"><div class=\"wpb_column grve-column grve-bookmark grve-column-1\"><div class=\"grve-element grve-text\"><p>HWI Machining verwendet Cookies f\u00fcr Webstatistiken und zur Untersuchung des Besucherverhaltens auf der Website. Im Folgenden k\u00f6nnen Sie genau lesen, welche Cookies HWI Machining setzt und zu welchem Zweck.<\/p>\n<h2>Welche Art von Cookies wird auf dieser Website verwendet?<\/h2>\n<p>Ein Cookie ist eine kleine Textdatei, die eine (eindeutige) Nummer enth\u00e4lt. Besuchen Sie eine Website? Wenn ja, platziert die Website oft Cookies auf Ihrem Computer, Tablet oder Telefon. Cookie-Informationen werden in Ihrem Browser gespeichert und erf\u00fcllen Funktionen wie die Vervollst\u00e4ndigung von Informationen, die Erkennung, wenn Sie auf unsere Website zur\u00fcckkehren, und helfen unserem Team zu verstehen, welche Teile der Website Sie am interessantesten und n\u00fctzlichsten finden.<\/p>\n<p><strong>Analytische Cookies:<\/strong> HWI Machining verwendet analytische Cookies, die Daten \u00fcber Ihre Website-Besuche sammeln.<\/p>\n<p><strong>Tracking-Cookies:<\/strong> HWI Machining verwendet auch so genannte Tracking-Cookies. Diese Cookies k\u00f6nnen pers\u00f6nliche Daten \u00fcber Ihren Website-Besuch sammeln und an Dritte weitergeben. Nachstehend finden Sie weitere Informationen dar\u00fcber, welche Daten genau von diesen Tracking-Cookies erfasst werden und mit welchen Unternehmen diese Daten geteilt werden.<\/p>\n<h2>Zweck der analytischen Cookies: Verbesserung der Website<\/h2>\n<p>HWI Machining verwendet sogenannte analytische Cookies f\u00fcr die Messung von Webstatistiken mit dem Programm Google Analytics und Microsoft Clarity. Dies sind Cookies f\u00fcr Forschung und Webstatistiken, um zu verstehen, wie Besucher die Website nutzen. Diese Informationen helfen, die Website zu verbessern.<\/p>\n<p>Google Analytics kann Besuchsdaten mit Google-Daten aus Konten von angemeldeten Nutzern verkn\u00fcpfen, die dieser Verkn\u00fcpfung zugestimmt haben, um Anzeigen zu personalisieren. Endnutzer k\u00f6nnen auf diese Daten \u00fcber zugreifen und sie l\u00f6schen: <a href=\"https:\/\/myactivity.google.com\/myactivity\" target=\"_blank\" rel=\"noopener\">Meine T\u00e4tigkeit<\/a>.<\/p>\n<p>Google Analytics speichert keine IP-Adressdaten und l\u00f6scht sie, sobald sie dazu verwendet wurden, den ungef\u00e4hren Standort eines Nutzers zu bestimmen (nat\u00fcrlich ohne den Nutzer pers\u00f6nlich zu identifizieren).<\/p>\n<h2>F\u00fcr analytische Cookies ist jedoch eine Zustimmung erforderlich<\/h2>\n<p>Gem\u00e4\u00df der Allgemeinen Datenschutzverordnung (AVG) m\u00fcssen die Besucher ihre Zustimmung zu den von HWI Machining gesetzten analytischen Cookies geben. Denn diese Cookies verarbeiten personenbezogene Daten und k\u00f6nnen diese mit den von HWI Machining genutzten Werbeplattformen, wie Google Ads, teilen.<\/p>\n<h2>Mit analytischen Cookies sammelt HWI Machining die folgenden Daten:<\/h2>\n<ul>\n<li>verwendete Ger\u00e4te und Software (Ger\u00e4te, Browser, Betriebssystem)<\/li>\n<li>Links, \u00fcber die Sie auf unsere Website gelangt sind (Referrer URL)<\/li>\n<li>ausgef\u00fcllte Kontaktformulare oder andere wichtige Ereignisse auf der Website<\/li>\n<li>Dauer des Besuchs der Website<\/li>\n<li>die auf der Website verwendeten Links<\/li>\n<li>ungef\u00e4hre Position<\/li>\n<li>Datum\/Uhrzeit des Zugriffs auf die Website<\/li>\n<li>Klicken, Scrollen, Mausbewegungen<\/li>\n<li>Suchbegriffe, die in der Suchmaschine der Website verwendet werden<\/li>\n<\/ul>\n<h2>Zweck der Targeting-Cookies: Verbesserung der Website und Werbezwecke<\/h2>\n<p>HWI Machining verwendet auch sogenannte Drittanbieter-Cookies von LinkedIn, Meta und Google Ads. Mit diesen Cookies sammeln wir und unsere Partner Informationen \u00fcber Sie und verfolgen Ihr Internetverhalten innerhalb und m\u00f6glicherweise auch au\u00dferhalb unserer Website. Wir verwenden diese Daten, um unsere Website und Kommunikation an Ihre Pr\u00e4ferenzen anzupassen. Sie erm\u00f6glichen es unseren Partnern auch, Ihr pers\u00f6nliches Profil zu erstellen und Ihnen gezielte Werbung auf der Grundlage Ihres j\u00fcngsten Internetverhaltens zu zeigen. Mit diesen Daten k\u00f6nnen wir Markt- und Publikumsanalysen durchf\u00fchren, den Inhalt unserer Seiten und Anzeigen anpassen und die Navigation auf unserer Website verbessern. Wenn Sie diese Cookies zulassen, helfen Sie uns, unsere Website zu verbessern.<\/p>\n<h2>F\u00fcr Cookies von Dritten ist jedoch die Zustimmung erforderlich<\/h2>\n<p>Gem\u00e4\u00df der Allgemeinen Datenschutzverordnung (AVG) m\u00fcssen die Besucher dem Setzen von Tracking-Cookies durch HWI Machining zustimmen. Der Grund daf\u00fcr ist, dass diese Cookies personenbezogene Daten verarbeiten und sie mit Werbeplattformen wie Google Ads, LinkedIn, Microsoft und Meta teilen k\u00f6nnen.<\/p>\n<h2>Cookies von Dritten, die f\u00fcr detaillierte Webstatistiken und Werbezwecke gesetzt werden<\/h2>\n<p>HWI Machining setzt Cookies von Drittanbietern wie Microsoft Advertising, LinkedIn, Meta Ads und Google Ads f\u00fcr die Messung von Webstatistiken und Werbezwecken. Mit diesen Cookies sammelt HWI Machining die folgenden Daten:<\/p>\n<ul>\n<li>verwendete Ger\u00e4te und Software (Ger\u00e4te, Browser, Betriebssystem)<\/li>\n<li>Links, \u00fcber die Sie auf unsere Website gelangt sind (Referrer URL)<\/li>\n<li>ausgef\u00fcllte Kontaktformulare oder andere wichtige Ereignisse auf der Website<\/li>\n<li>Wenn Sie ein Formular auf unserer Website ausf\u00fcllen, k\u00f6nnen wir Ihre Kontaktdaten \u00fcber einen sicheren Kanal an unsere Partner weitergeben. Dies erm\u00f6glicht es unseren Partnern, auf der Grundlage Ihres Internetverhaltens ein Interessenprofil zu erstellen und so die Wirksamkeit unserer Werbung zu verbessern<\/li>\n<li>IP-Adresse<\/li>\n<li>Standort<\/li>\n<li>Browser-Informationen<\/li>\n<li>Bildschirmaufl\u00f6sung<\/li>\n<li>Spracheinstellungen<\/li>\n<li>besuchte Website\/Unterseiten<\/li>\n<li>Datum\/Uhrzeit des Zugriffs auf die Website<\/li>\n<li>Klicken, Scrollen, Mausbewegungen<\/li>\n<li>Dauer des Besuchs der Website<\/li>\n<li>die auf der Website verwendeten Links<\/li>\n<\/ul>\n<h2>Links zu den Datenschutzbestimmungen unserer Partner<\/h2>\n<p>Microsoft-Datenschutzrichtlinie: <a href=\"https:\/\/privacy.microsoft.com\/en-us\/privacystatement\" target=\"_blank\" rel=\"noopener\">https:\/\/privacy.microsoft.com\/en-us\/privacystatement<\/a><\/p>\n<p>Meta-Datenschutzrichtlinie: <a href=\"https:\/\/www.facebook.com\/privacy\/policy\" target=\"_blank\" rel=\"noopener\">https:\/\/www.facebook.com\/privacy\/policy<\/a><\/p>\n<p>Google-Datenschutzbestimmungen: <a href=\"https:\/\/policies.google.com\/privacy\" target=\"_blank\" rel=\"noopener\">https:\/\/policies.google.com\/privacy<\/a><\/p>\n<p>Leadinfo-Datenschutzerkl\u00e4rung: <a href=\"https:\/\/www.leadinfo.com\/en\/privacy\/\" target=\"_blank\" rel=\"noopener\">https:\/\/www.leadinfo.com\/en\/privacy\/<\/a><\/p>\n<p>LinkedIn-Datenschutzrichtlinie: <a href=\"https:\/\/nl.linkedin.com\/legal\/privacy-policy\" target=\"_blank\" rel=\"noopener\">https:\/\/nl.linkedin.com\/legal\/privacy-policy<\/a><\/p>\n<h2>\u00dcberblick \u00fcber Cookies und Ihre Pr\u00e4ferenzen<\/h2>\n<\/div>\n\t<div class=\"wpb_raw_code wpb_raw_html wpb_content_element\" >\n\t\t<div class=\"wpb_wrapper\">\n\t\t\t<script type=\"text\/javascript\" charset=\"UTF-8\"  data-cookiescriptreport=\"report\" src=\"\/\/report.cookie-script.com\/r\/cccecb050826c97d2f1c3ebea0fbd6cf.js\"><\/script>\n\t\t<\/div>\n\t<\/div>\n<\/div> <\/div><div class=\"grve-background-wrapper\"><\/div><\/div>","protected":false},"excerpt":{"rendered":"HWI Machining gebruikt cookies voor webstatistieken en onderzoek naar gedrag van bezoekers op de website. Hieronder lees je welke cookies HWI Machining precies plaatst en met welk doel. Welke soort cookies gebruikt deze website Een cookie is een klein tekstbestand met een (uniek) nummer. Bezoek je een website? Dan plaatst de website vaak cookies op [...]","protected":false},"author":7,"featured_media":0,"parent":0,"menu_order":0,"comment_status":"closed","ping_status":"closed","template":"","meta":{"protect_children":false,"footnotes":""},"class_list":["post-16988","page","type-page","status-publish","hentry"],"_links":{"self":[{"href":"https:\/\/hwimachining.nl\/de\/wp-json\/wp\/v2\/pages\/16988","targetHints":{"allow":["GET"]}}],"collection":[{"href":"https:\/\/hwimachining.nl\/de\/wp-json\/wp\/v2\/pages"}],"about":[{"href":"https:\/\/hwimachining.nl\/de\/wp-json\/wp\/v2\/types\/page"}],"author":[{"embeddable":true,"href":"https:\/\/hwimachining.nl\/de\/wp-json\/wp\/v2\/users\/7"}],"replies":[{"embeddable":true,"href":"https:\/\/hwimachining.nl\/de\/wp-json\/wp\/v2\/comments?post=16988"}],"version-history":[{"count":14,"href":"https:\/\/hwimachining.nl\/de\/wp-json\/wp\/v2\/pages\/16988\/revisions"}],"predecessor-version":[{"id":17005,"href":"https:\/\/hwimachining.nl\/de\/wp-json\/wp\/v2\/pages\/16988\/revisions\/17005"}],"wp:attachment":[{"href":"https:\/\/hwimachining.nl\/de\/wp-json\/wp\/v2\/media?parent=16988"}],"curies":[{"name":"wp","href":"https:\/\/api.w.org\/{rel}","templated":true}]}}