{"id":852,"date":"2020-11-04T17:12:15","date_gmt":"2020-11-04T16:12:15","guid":{"rendered":"https:\/\/hwimachining.nl?page_id=852"},"modified":"2025-07-02T10:28:40","modified_gmt":"2025-07-02T08:28:40","slug":"produktion","status":"publish","type":"page","link":"https:\/\/hwimachining.nl\/de\/diensten\/","title":{"rendered":"Dienstleistungen"},"content":{"rendered":"<div class=\"grve-section grve-feature-header\" data-section-title=\"\" data-section-type=\"fullwidth-background\" data-image-type=\"none\" data-full-height=\"no\"  style=\"margin-bottom: 86px;\"><div class=\"grve-row grve-bookmark\"><div class=\"wpb_column grve-column grve-bookmark grve-column-1-2 vc_custom_1729844918550 grve-tablet-column-1 grve-tablet-sm-column-1 topheight\" id=\"header-fullwidth\"><div class=\"grve-element grve-text no-caps vc_custom_1725876331860\"><h1>Dienstleistungen<\/h1>\n<p>Bei HWI Machining bearbeiten wir eine Vielzahl von Materialien, sowohl in kleinen Serien als auch in Serie. Wir <strong><a href=\"\/de\/produktion\/drehen\/\">drehen.<\/a><\/strong>, <strong><a href=\"\/de\/produktion\/fraesen\/\">fr\u00e4sen <\/a><\/strong>und <strong><a href=\"\/de\/produktion\/sagen\/\">siehe<\/a><\/strong> seit 1991. Aber wir tun noch viel mehr: Wir entwerfen, montieren, testen und liefern sogar <strong><a href=\"\/de\/produktion\/massarbeit\/\">Personalisierung<\/a><\/strong> wo n\u00f6tig. Mit einem modernen Maschinenpark bearbeiten wir Stahl, rostfreien Stahl, Duplex, Aluminium und Kunststoffe. Dank unserer Erfahrung, unserer qualifizierten Mitarbeiter und unseres modernen Maschinenparks liefern wir qualitativ hochwertige Produkte. Sind Sie neugierig, was wir f\u00fcr Sie tun k\u00f6nnen? Lesen Sie weiter oder kontaktieren Sie uns.<\/p>\n<\/div><div class=\"grve-element grve-align-left\"><a class=\"grve-btn grve-btn-extrasmall grve-square grve-bg-primary-1 float-left\" href=\"#diensten\" target=\"_self\" style=\"margin-bottom: 0px;\"><span>Dienstleistungen anzeigen<\/span><\/a><\/div><div class=\"grve-element grve-align-left\"><a class=\"grve-btn grve-btn-extrasmall grve-square grve-bg-primary-1 grve-btn-line float-left\" href=\"\/de\/kontakt\/\" target=\"_self\" style=\"margin-bottom: 0px;\"><span>Kontakt<\/span><\/a><\/div><div class=\"wpb_column grve-column grve-bookmark grve-column-1-2 vc_custom_1605703349312 grve-tablet-column-1 grve-tablet-sm-column-1\"><\/div><\/div> <\/div><div class=\"grve-background-wrapper\">  <div class=\"grve-bg-image\"   style=\"background-image: url(https:\/\/hwimachining.nl\/wp-content\/uploads\/2025\/05\/2025-Fotos-HWI-medium-res-615-bew-kleur.webp);\"><\/div><\/div><\/div><div id=\"diensten\" class=\"grve-section grve-light grve-flex-row grve-middle-content\" data-section-title=\"\" data-section-type=\"fullwidth-background\" data-image-type=\"none\" data-full-height=\"no\"  style=\"color:#ffffff;\"><div class=\"grve-row grve-bookmark\"><div class=\"wpb_column grve-column grve-bookmark grve-column-1-3 vc_custom_1751444382675 grve-tablet-column-1-3 grve-tablet-sm-column-1\"><div class=\"grve-row grve-bookmark\"><div class=\"wpb_column grve-column grve-bookmark grve-column-1 vc_custom_1746173343622 productionresponsiveheight\"><div class=\"vc_empty_space\"   style=\"height: 250px\"><span class=\"vc_empty_space_inner\"><\/span><\/div><\/div><\/div><div class=\"grve-row grve-bookmark vc_custom_1604579694372\"><div class=\"wpb_column grve-column grve-bookmark grve-column-1 vc_custom_1605096571325\"><div class=\"vc_empty_space\"   style=\"height: 32px\"><span class=\"vc_empty_space_inner\"><\/span><\/div><div class=\"grve-element grve-text productiondescription\"><h2>Drehen<\/h2>\n<p>Drehen liegt in unserer DNA. Auf unseren CNC-Maschinen k\u00f6nnen wir Durchmesser von bis zu \u00f81300 mm drehen.<\/p>\n<\/div><div class=\"grve-element grve-align-center\"><a class=\"grve-btn grve-btn-extrasmall grve-square grve-bg-primary-3\" href=\"\/de\/productie\/drehen\/\" target=\"_self\" style=\"\"><span>Mehr lesen<\/span><\/a><\/div><\/div><\/div><\/div><div class=\"wpb_column grve-column grve-bookmark grve-column-1-3 vc_custom_1751444377897 grve-tablet-sm-column-1\"><div class=\"grve-row grve-bookmark\"><div class=\"wpb_column grve-column grve-bookmark grve-column-1 vc_custom_1746173222708 productionresponsiveheight\"><div class=\"vc_empty_space\"   style=\"height: 250px\"><span class=\"vc_empty_space_inner\"><\/span><\/div><\/div><\/div><div class=\"grve-row grve-bookmark vc_custom_1604579694372\"><div class=\"wpb_column grve-column grve-bookmark grve-column-1 vc_custom_1605096577804\"><div class=\"vc_empty_space\"   style=\"height: 32px\"><span class=\"vc_empty_space_inner\"><\/span><\/div><div class=\"grve-element grve-text productiondescription\"><h2>Fr\u00e4sen<\/h2>\n<p>Mit unseren modernen CNC-Fr\u00e4smaschinen k\u00f6nnen wir sowohl Kleinserien als auch Serien fertigen.<\/p>\n<\/div><div class=\"grve-element grve-align-center\"><a class=\"grve-btn grve-btn-extrasmall grve-square grve-bg-primary-3\" href=\"\/de\/productie\/fraesen\/\" target=\"_self\" style=\"\"><span>Mehr lesen<\/span><\/a><\/div><\/div><\/div><\/div><div class=\"wpb_column grve-column grve-bookmark grve-column-1-3 vc_custom_1751444389065 grve-tablet-sm-column-1\"><div class=\"grve-row grve-bookmark\"><div class=\"wpb_column grve-column grve-bookmark grve-column-1 vc_custom_1746176361213 productionresponsiveheight\"><div class=\"vc_empty_space\"   style=\"height: 250px\"><span class=\"vc_empty_space_inner\"><\/span><\/div><\/div><\/div><div class=\"grve-row grve-bookmark vc_custom_1604579694372\"><div class=\"wpb_column grve-column grve-bookmark grve-column-1 vc_custom_1605096581171\"><div class=\"vc_empty_space\"   style=\"height: 32px\"><span class=\"vc_empty_space_inner\"><\/span><\/div><div class=\"grve-element grve-text productiondescription\"><h2>S\u00e4gen<\/h2>\n<p>In unserem Maschinenpark k\u00f6nnen wir komplexe S\u00e4gearbeiten durchf\u00fchren. Unsere Spezialisten schneiden St\u00fccke bis zu einem Durchmesser von bis zu \u00f8400mm.<\/p>\n<\/div><div class=\"grve-element grve-align-center\"><a class=\"grve-btn grve-btn-extrasmall grve-square grve-bg-primary-3\" href=\"https:\/\/hwimachining.nl\/de\/produktion\/sagen\/\" target=\"_self\" style=\"\"><span>Mehr lesen<\/span><\/a><\/div><\/div><\/div><\/div> <\/div><div class=\"grve-background-wrapper\"><\/div><\/div><div class=\"grve-section grve-light grve-flex-row grve-middle-content\" data-section-title=\"\" data-section-type=\"fullwidth-background\" data-image-type=\"none\" data-full-height=\"no\"  style=\"color:#ffffff;margin-bottom: 86px;\"><div class=\"grve-row grve-bookmark\"><div class=\"wpb_column grve-column grve-bookmark grve-column-1-3 vc_custom_1751444394562 grve-tablet-column-1-3 grve-tablet-sm-column-1\"><div class=\"grve-row grve-bookmark\"><div class=\"wpb_column grve-column grve-bookmark grve-column-1 vc_custom_1746177600086 productionresponsiveheight\"><div class=\"vc_empty_space\"   style=\"height: 250px\"><span class=\"vc_empty_space_inner\"><\/span><\/div><\/div><\/div><div class=\"grve-row grve-bookmark vc_custom_1604579694372\"><div class=\"wpb_column grve-column grve-bookmark grve-column-1 vc_custom_1605096585122\"><div class=\"vc_empty_space\"   style=\"height: 32px\"><span class=\"vc_empty_space_inner\"><\/span><\/div><div class=\"grve-element grve-text productiondescription\"><h2>Maschinenpark<\/h2>\n<p>Wir verf\u00fcgen \u00fcber eine Vielzahl von Maschinen und eine Produktionskapazit\u00e4t von bis zu 2.000 m<sup>2<\/sup>. Sie fragen sich, welche Maschinen wir im Haus haben?<\/p>\n<\/div><div class=\"grve-element grve-align-center\"><a class=\"grve-btn grve-btn-extrasmall grve-square grve-bg-primary-3\" href=\"https:\/\/hwimachining.nl\/wp-content\/uploads\/2020\/11\/2020-10-15-Machinelijst-NL.pdf\" target=\"_blank\" style=\"\"><span>Ansicht der Maschinenliste<\/span><\/a><\/div><\/div><\/div><\/div><div class=\"wpb_column grve-column grve-bookmark grve-column-1-3 vc_custom_1751444398073 grve-tablet-sm-column-1\"><div class=\"grve-row grve-bookmark\"><div class=\"wpb_column grve-column grve-bookmark grve-column-1 vc_custom_1746177979571 productionresponsiveheight\"><div class=\"vc_empty_space\"   style=\"height: 250px\"><span class=\"vc_empty_space_inner\"><\/span><\/div><\/div><\/div><div class=\"grve-row grve-bookmark vc_custom_1604579694372\"><div class=\"wpb_column grve-column grve-bookmark grve-column-1 vc_custom_1605096588051\"><div class=\"vc_empty_space\"   style=\"height: 32px\"><span class=\"vc_empty_space_inner\"><\/span><\/div><div class=\"grve-element grve-text productiondescription\"><h2>Ma\u00dfarbeit<\/h2>\n<p>F\u00fcr komplexe Produkte bieten wir bei Bedarf ma\u00dfgeschneiderte L\u00f6sungen an. Dabei unterst\u00fctzen wir den Produktionsprozess von Anfang bis Ende.<\/p>\n<\/div><div class=\"grve-element grve-align-center\"><a class=\"grve-btn grve-btn-extrasmall grve-square grve-bg-primary-3\" href=\"\/de\/productie\/cad-cam\/\" target=\"_self\" style=\"\"><span>Mehr lesen<\/span><\/a><\/div><\/div><\/div><\/div><div class=\"wpb_column grve-column grve-bookmark grve-column-1-3 vc_custom_1751444403142 grve-tablet-sm-column-1\"><div class=\"grve-row grve-bookmark\"><div class=\"wpb_column grve-column grve-bookmark grve-column-1 vc_custom_1751444712972 productionresponsiveheight\"><div class=\"vc_empty_space\"   style=\"height: 250px\"><span class=\"vc_empty_space_inner\"><\/span><\/div><\/div><\/div><div class=\"grve-row grve-bookmark vc_custom_1751444863799\"><div class=\"wpb_column grve-column grve-bookmark grve-column-1 vc_custom_1605096588051\"><div class=\"vc_empty_space\"   style=\"height: 32px\"><span class=\"vc_empty_space_inner\"><\/span><\/div><div class=\"grve-element grve-text productiondescription\"><h2>Qualit\u00e4t<\/h2>\n<p>Lesen Sie, wie unsere Qualit\u00e4tskontrolle, Zertifizierungen und fortschrittlichen Techniken zu maximaler Zuverl\u00e4ssigkeit beitragen.<\/p>\n<\/div><div class=\"grve-element grve-align-center\"><a class=\"grve-btn grve-btn-extrasmall grve-square grve-bg-primary-3\" href=\"https:\/\/hwimachining.nl\/de\/qualitat\/\" target=\"_self\" style=\"\"><span>Unser Qualit\u00e4tskonzept<\/span><\/a><\/div><\/div><\/div><\/div> <\/div><div class=\"grve-background-wrapper\"><\/div><\/div><div class=\"grve-section\" data-section-title=\"\" data-section-type=\"fullwidth-background\" data-image-type=\"none\" data-full-height=\"no\"  style=\"margin-bottom: 86px;\"><div class=\"grve-row grve-bookmark\"><div class=\"wpb_column grve-column grve-bookmark grve-column-1 vc_custom_1751443751505\"><div class=\"grve-element grve-text\"><h2>Besuchen Sie uns vor Ort!<\/h2>\n<p>Sie sehen das HWI nur dann wirklich, wenn Sie drinnen sind. Kommen Sie und sehen Sie uns vor Ort. Vereinbaren Sie eine unverbindliche Besichtigung.<\/p>\n<\/div><div class=\"grve-element grve-align-left\"><a class=\"grve-btn grve-btn-medium grve-square grve-bg-primary-1\" href=\"https:\/\/hwimachining.nl\/de\/kontakt\/\" target=\"_self\" style=\"\"><span>Planen Sie eine Tour<\/span><\/a><\/div><\/div> <\/div><div class=\"grve-background-wrapper\"><\/div><\/div><div class=\"grve-section grve-light grve-feature-footer grve-middle-content\" data-section-title=\"\" data-section-type=\"fullwidth-background\" data-image-type=\"none\" data-full-height=\"no\"  style=\"background-color:#a80c0c;color:#ffffff;padding-top: 32px;padding-bottom: 32px;\"><div class=\"grve-row grve-bookmark\"><div class=\"wpb_column grve-column grve-bookmark grve-column-1\"><div class=\"grve-element grve-callout grve-btn-right\" style=\"\">  <div class=\"grve-callout-wrapper\"><h3 class=\"grve-callout-content\"><span>Wenn Sie Fragen haben, schicken Sie uns bitte eine E-Mail an<\/span><\/h3>    <p class=\"grve-leader-text\"><a style=\"color: white;\" href=\"mailto:info@hwimachining.com\">info@hwimachining.com<\/a><\/p>  <\/div>  <div class=\"grve-button-wrapper\"><a class=\"grve-btn grve-btn-extrasmall grve-square grve-bg-primary-2\" href=\"\/de\/kontakt\/\" target=\"_self\" style=\"\"><span>Kontakt<\/span><\/a>  <\/div><\/div><\/div> <\/div><div class=\"grve-background-wrapper\"><\/div><\/div>","protected":false},"excerpt":{"rendered":"Diensten Bij HWI Machining bewerken we uiteenlopende materialen, in kleine oplages en in series. We draaien, frezen en zagen al sinds 1991. Maar we doen nog veel meer: we ontwerpen, assembleren, testen \u00e9n leveren zelfs maatwerk waar nodig. Met moderne machines bewerken we staal, roestvast staal, duplex, aluminium en kunststoffen. Dankzij onze ervaring, vakmensen en [...]","protected":false},"author":6,"featured_media":0,"parent":0,"menu_order":0,"comment_status":"closed","ping_status":"closed","template":"","meta":{"protect_children":false,"footnotes":""},"class_list":["post-852","page","type-page","status-publish","hentry"],"_links":{"self":[{"href":"https:\/\/hwimachining.nl\/de\/wp-json\/wp\/v2\/pages\/852","targetHints":{"allow":["GET"]}}],"collection":[{"href":"https:\/\/hwimachining.nl\/de\/wp-json\/wp\/v2\/pages"}],"about":[{"href":"https:\/\/hwimachining.nl\/de\/wp-json\/wp\/v2\/types\/page"}],"author":[{"embeddable":true,"href":"https:\/\/hwimachining.nl\/de\/wp-json\/wp\/v2\/users\/6"}],"replies":[{"embeddable":true,"href":"https:\/\/hwimachining.nl\/de\/wp-json\/wp\/v2\/comments?post=852"}],"version-history":[{"count":66,"href":"https:\/\/hwimachining.nl\/de\/wp-json\/wp\/v2\/pages\/852\/revisions"}],"predecessor-version":[{"id":15985,"href":"https:\/\/hwimachining.nl\/de\/wp-json\/wp\/v2\/pages\/852\/revisions\/15985"}],"wp:attachment":[{"href":"https:\/\/hwimachining.nl\/de\/wp-json\/wp\/v2\/media?parent=852"}],"curies":[{"name":"wp","href":"https:\/\/api.w.org\/{rel}","templated":true}]}}